{"id":3,"date":"2024-12-04T17:25:31","date_gmt":"2024-12-04T17:25:31","guid":{"rendered":"https:\/\/alneka.lt\/?page_id=3"},"modified":"2024-12-11T18:26:19","modified_gmt":"2024-12-11T16:26:19","slug":"\u043f\u043e\u043b\u0438\u0442\u0438\u043a\u0430-\u043a\u043e\u043d\u0444\u0438\u0434\u0435\u043d\u0446\u0438\u0430\u043b\u044c\u043d\u043e\u0441\u0442\u0438","status":"publish","type":"page","link":"https:\/\/alneka.lt\/ru\/\u043f\u043e\u043b\u0438\u0442\u0438\u043a\u0430-\u043a\u043e\u043d\u0444\u0438\u0434\u0435\u043d\u0446\u0438\u0430\u043b\u044c\u043d\u043e\u0441\u0442\u0438\/","title":{"rendered":"\u041f\u043e\u043b\u0438\u0442\u0438\u043a\u0430 \u043a\u043e\u043d\u0444\u0438\u0434\u0435\u043d\u0446\u0438\u0430\u043b\u044c\u043d\u043e\u0441\u0442\u0438"},"content":{"rendered":"<h4 class=\"wp-block-heading\"><strong>\u0410\u043b\u043d\u0435\u043a\u0430, UAB<\/strong><\/h4>\n\n\n\n<p>\u0414\u0430\u043d\u043d\u0430\u044f \u043f\u043e\u043b\u0438\u0442\u0438\u043a\u0430 \u043a\u043e\u043d\u0444\u0438\u0434\u0435\u043d\u0446\u0438\u0430\u043b\u044c\u043d\u043e\u0441\u0442\u0438 \u043e\u043f\u0440\u0435\u0434\u0435\u043b\u044f\u0435\u0442, \u043a\u0430\u043a Alneka, UAB (\u0434\u0430\u043b\u0435\u0435 \"\u041c\u044b\") \u0441\u043e\u0431\u0438\u0440\u0430\u0435\u0442, \u0438\u0441\u043f\u043e\u043b\u044c\u0437\u0443\u0435\u0442, \u0445\u0440\u0430\u043d\u0438\u0442 \u0438 \u043e\u0431\u0440\u0430\u0431\u0430\u0442\u044b\u0432\u0430\u0435\u0442 \u0432\u0430\u0448\u0438 \u043f\u0435\u0440\u0441\u043e\u043d\u0430\u043b\u044c\u043d\u044b\u0435 \u0434\u0430\u043d\u043d\u044b\u0435, \u043a\u043e\u0433\u0434\u0430 \u0432\u044b \u043f\u043e\u043b\u044c\u0437\u0443\u0435\u0442\u0435\u0441\u044c \u043d\u0430\u0448\u0438\u043c\u0438 \u0443\u0441\u043b\u0443\u0433\u0430\u043c\u0438, \u0440\u0435\u0433\u0438\u0441\u0442\u0440\u0438\u0440\u0443\u0435\u0442\u0435\u0441\u044c \u043e\u043d\u043b\u0430\u0439\u043d \u0438\u043b\u0438 \u043f\u0440\u0438\u043e\u0431\u0440\u0435\u0442\u0430\u0435\u0442\u0435 \u043f\u043e\u0434\u0430\u0440\u043e\u0447\u043d\u044b\u0435 \u0441\u0435\u0440\u0442\u0438\u0444\u0438\u043a\u0430\u0442\u044b \u043d\u0430 \u043d\u0430\u0448\u0435\u043c \u0441\u0430\u0439\u0442\u0435. \u041c\u044b \u0441\u043e\u0431\u043b\u044e\u0434\u0430\u0435\u043c \u0434\u0435\u0439\u0441\u0442\u0432\u0443\u044e\u0449\u0435\u0435 \u0437\u0430\u043a\u043e\u043d\u043e\u0434\u0430\u0442\u0435\u043b\u044c\u0441\u0442\u0432\u043e, \u0440\u0435\u0433\u0443\u043b\u0438\u0440\u0443\u044e\u0449\u0435\u0435 \u0437\u0430\u0449\u0438\u0442\u0443 \u043f\u0435\u0440\u0441\u043e\u043d\u0430\u043b\u044c\u043d\u044b\u0445 \u0434\u0430\u043d\u043d\u044b\u0445, \u0432\u043a\u043b\u044e\u0447\u0430\u044f \u041e\u0431\u0449\u0438\u0439 \u0440\u0435\u0433\u043b\u0430\u043c\u0435\u043d\u0442 \u043f\u043e \u0437\u0430\u0449\u0438\u0442\u0435 \u0434\u0430\u043d\u043d\u044b\u0445 (GDPR).<\/p>\n\n\n\n<h4 class=\"wp-block-heading\"><strong>1. \u041a\u043e\u043d\u0442\u0440\u043e\u043b\u0435\u0440 \u0434\u0430\u043d\u043d\u044b\u0445<\/strong><\/h4>\n\n\n\n<p><strong>\u041a\u043e\u043d\u0442\u0440\u043e\u043b\u043b\u0435\u0440 \u0434\u0430\u043d\u043d\u044b\u0445:<\/strong> Alneka, UAB, \u043a\u043e\u0434 \u043a\u043e\u043c\u043f\u0430\u043d\u0438\u0438 304186306, \u043a\u043e\u0434 \u043f\u043b\u0430\u0442\u0435\u043b\u044c\u0449\u0438\u043a\u0430 \u041d\u0414\u0421 LT100016426918, \u0430\u0434\u0440\u0435\u0441 \u017dirm\u016bn\u0173 g. 104-42, LT-09121 Vilnius.<br><strong>\u042d\u043b\u0435\u043a\u0442\u0440\u043e\u043d\u043d\u0430\u044f \u043f\u043e\u0447\u0442\u0430:<\/strong> gerasdazymas@gmail.com<br><strong>\u0422\u0435\u043b\u0435\u0444\u043e\u043d:<\/strong> <a href=\"\/ru\/\u0422\u0435\u043b: 37064118888\/\">+37064118888<\/a><\/p>\n\n\n\n<h4 class=\"wp-block-heading\"><strong>2. \u041a\u0430\u043a\u0438\u0435 \u043f\u0435\u0440\u0441\u043e\u043d\u0430\u043b\u044c\u043d\u044b\u0435 \u0434\u0430\u043d\u043d\u044b\u0435 \u043c\u044b \u0441\u043e\u0431\u0438\u0440\u0430\u0435\u043c?<\/strong><\/h4>\n\n\n\n<p>\u041f\u0440\u0438 \u0438\u0441\u043f\u043e\u043b\u044c\u0437\u043e\u0432\u0430\u043d\u0438\u0438 \u043d\u0430\u0448\u0435\u0433\u043e \u0441\u0430\u0439\u0442\u0430 \u0438 \u0443\u0441\u043b\u0443\u0433 \u0432\u0430\u0441 \u043c\u043e\u0433\u0443\u0442 \u043f\u043e\u043f\u0440\u043e\u0441\u0438\u0442\u044c \u043f\u0440\u0435\u0434\u043e\u0441\u0442\u0430\u0432\u0438\u0442\u044c \u0441\u043b\u0435\u0434\u0443\u044e\u0449\u0438\u0435 \u0434\u0430\u043d\u043d\u044b\u0435:<\/p>\n\n\n\n<p><strong>\u0412 \u043a\u043e\u043d\u0442\u0430\u043a\u0442\u043d\u043e\u0439 \u0444\u043e\u0440\u043c\u0435<\/strong>\u0432\u0430\u0448\u0435 \u0438\u043c\u044f, \u0444\u0430\u043c\u0438\u043b\u0438\u044f, \u043d\u043e\u043c\u0435\u0440 \u0442\u0435\u043b\u0435\u0444\u043e\u043d\u0430 \u0438 \u0430\u0434\u0440\u0435\u0441 \u044d\u043b\u0435\u043a\u0442\u0440\u043e\u043d\u043d\u043e\u0439 \u043f\u043e\u0447\u0442\u044b.<\/p>\n\n\n\n<p><strong>\u0412\u043e \u0432\u0440\u0435\u043c\u044f \u043f\u0435\u0440\u0435\u043f\u0438\u0441\u043a\u0438<\/strong>: \u0432\u0430\u0448\u0438 \u0437\u0430\u043f\u0440\u043e\u0441\u044b \u0438\u043b\u0438 \u043a\u043e\u043c\u043c\u0435\u043d\u0442\u0430\u0440\u0438\u0438, \u043e\u0442\u043f\u0440\u0430\u0432\u043b\u0435\u043d\u043d\u044b\u0435 \u0447\u0435\u0440\u0435\u0437 \u043a\u043e\u043d\u0442\u0430\u043a\u0442\u043d\u0443\u044e \u0444\u043e\u0440\u043c\u0443 \u0438\u043b\u0438 \u043f\u043e \u044d\u043b\u0435\u043a\u0442\u0440\u043e\u043d\u043d\u043e\u0439 \u043f\u043e\u0447\u0442\u0435.<\/p>\n\n\n\n<h4 class=\"wp-block-heading\"><strong>3. \u041a\u0430\u043a \u043c\u044b \u0438\u0441\u043f\u043e\u043b\u044c\u0437\u0443\u0435\u043c \u0432\u0430\u0448\u0438 \u043b\u0438\u0447\u043d\u044b\u0435 \u0434\u0430\u043d\u043d\u044b\u0435?<\/strong><\/h4>\n\n\n\n<p>\u0412\u0430\u0448\u0438 \u043f\u0435\u0440\u0441\u043e\u043d\u0430\u043b\u044c\u043d\u044b\u0435 \u0434\u0430\u043d\u043d\u044b\u0435 \u0438\u0441\u043f\u043e\u043b\u044c\u0437\u0443\u044e\u0442\u0441\u044f \u0434\u043b\u044f \u0441\u043b\u0435\u0434\u0443\u044e\u0449\u0438\u0445 \u0446\u0435\u043b\u0435\u0439:<\/p>\n\n\n\n<p>3.1. \u041f\u0440\u0435\u0434\u043e\u0441\u0442\u0430\u0432\u043b\u0435\u043d\u0438\u0435 \u0443\u0441\u043b\u0443\u0433 \u0438 \u0443\u043f\u0440\u0430\u0432\u043b\u0435\u043d\u0438\u0435.<\/p>\n\n\n\n<p>3.2. \u043e\u0442\u0432\u0435\u0447\u0430\u0442\u044c \u043d\u0430 \u0432\u0430\u0448\u0438 \u0437\u0430\u043f\u0440\u043e\u0441\u044b \u0438\u043b\u0438 \u0436\u0430\u043b\u043e\u0431\u044b.<\/p>\n\n\n\n<p>3.3. \u0414\u043b\u044f \u0432\u044b\u043f\u043e\u043b\u043d\u0435\u043d\u0438\u044f \u044e\u0440\u0438\u0434\u0438\u0447\u0435\u0441\u043a\u0438\u0445 \u043e\u0431\u044f\u0437\u0430\u0442\u0435\u043b\u044c\u0441\u0442\u0432.<\/p>\n\n\n\n<p>3.4. \u043f\u043e\u0432\u044b\u0448\u0435\u043d\u0438\u0435 \u043a\u0430\u0447\u0435\u0441\u0442\u0432\u0430 \u043e\u0431\u0441\u043b\u0443\u0436\u0438\u0432\u0430\u043d\u0438\u044f \u0438 \u0430\u043d\u0430\u043b\u0438\u0437 \u043a\u043b\u0438\u0435\u043d\u0442\u0441\u043a\u043e\u0433\u043e \u043e\u043f\u044b\u0442\u0430.<\/p>\n\n\n\n<h4 class=\"wp-block-heading\"><strong>4. \u0421\u0440\u043e\u043a \u0445\u0440\u0430\u043d\u0435\u043d\u0438\u044f \u0434\u0430\u043d\u043d\u044b\u0445<\/strong><\/h4>\n\n\n\n<p>\u0412\u0430\u0448\u0438 \u043b\u0438\u0447\u043d\u044b\u0435 \u0434\u0430\u043d\u043d\u044b\u0435 \u0431\u0443\u0434\u0443\u0442 \u0445\u0440\u0430\u043d\u0438\u0442\u044c\u0441\u044f \u0441\u0442\u043e\u043b\u044c\u043a\u043e, \u0441\u043a\u043e\u043b\u044c\u043a\u043e \u043d\u0435\u043e\u0431\u0445\u043e\u0434\u0438\u043c\u043e \u0434\u043b\u044f \u043f\u0440\u0435\u0434\u043e\u0441\u0442\u0430\u0432\u043b\u0435\u043d\u0438\u044f \u0443\u0441\u043b\u0443\u0433, \u0432\u044b\u043f\u043e\u043b\u043d\u0435\u043d\u0438\u044f \u044e\u0440\u0438\u0434\u0438\u0447\u0435\u0441\u043a\u0438\u0445 \u043e\u0431\u044f\u0437\u0430\u0442\u0435\u043b\u044c\u0441\u0442\u0432 \u0438\u043b\u0438 \u0434\u043e \u0442\u0435\u0445 \u043f\u043e\u0440, \u043f\u043e\u043a\u0430 \u0432\u044b \u043d\u0435 \u043f\u043e\u0442\u0440\u0435\u0431\u0443\u0435\u0442\u0435 \u0438\u0445 \u0443\u0434\u0430\u043b\u0435\u043d\u0438\u044f.<\/p>\n\n\n\n<h4 class=\"wp-block-heading\"><strong>5. \u041f\u0435\u0440\u0435\u0434\u0430\u0447\u0430 \u0434\u0430\u043d\u043d\u044b\u0445 \u0442\u0440\u0435\u0442\u044c\u0438\u043c \u043b\u0438\u0446\u0430\u043c<\/strong><\/h4>\n\n\n\n<p>\u041c\u044b \u043d\u0435 \u043f\u0440\u043e\u0434\u0430\u0435\u043c \u0432\u0430\u0448\u0438 \u043b\u0438\u0447\u043d\u044b\u0435 \u0434\u0430\u043d\u043d\u044b\u0435 \u0442\u0440\u0435\u0442\u044c\u0438\u043c \u043b\u0438\u0446\u0430\u043c, \u0437\u0430 \u0438\u0441\u043a\u043b\u044e\u0447\u0435\u043d\u0438\u0435\u043c \u0441\u043b\u0443\u0447\u0430\u0435\u0432, \u043a\u043e\u0433\u0434\u0430 \u044d\u0442\u043e \u043d\u0435\u043e\u0431\u0445\u043e\u0434\u0438\u043c\u043e \u0434\u043b\u044f \u043f\u0440\u0435\u0434\u043e\u0441\u0442\u0430\u0432\u043b\u0435\u043d\u0438\u044f \u043d\u0430\u0448\u0438\u0445 \u0443\u0441\u043b\u0443\u0433, \u0442\u0430\u043a\u0438\u0445 \u043a\u0430\u043a:<\/p>\n\n\n\n<p>5.1. \u043f\u043e\u0441\u0442\u0430\u0432\u0449\u0438\u043a\u0438 \u0418\u0422-\u0443\u0441\u043b\u0443\u0433, \u043e\u0431\u0435\u0441\u043f\u0435\u0447\u0438\u0432\u0430\u044e\u0449\u0438\u0435 \u0440\u0430\u0431\u043e\u0442\u0443 \u0432\u0435\u0431-\u0441\u0430\u0439\u0442\u0430.<\/p>\n\n\n\n<p>\u0412\u0441\u0435 \u0442\u0440\u0435\u0442\u044c\u0438 \u043b\u0438\u0446\u0430 \u043e\u0431\u044f\u0437\u0430\u043d\u044b \u043e\u0431\u0435\u0441\u043f\u0435\u0447\u0438\u0432\u0430\u0442\u044c \u043d\u0430\u0434\u043b\u0435\u0436\u0430\u0449\u0443\u044e \u0437\u0430\u0449\u0438\u0442\u0443 \u0432\u0430\u0448\u0438\u0445 \u0434\u0430\u043d\u043d\u044b\u0445.<\/p>\n\n\n\n<h4 class=\"wp-block-heading\"><strong>6. \u0412\u0430\u0448\u0438 \u043f\u0440\u0430\u0432\u0430<\/strong><\/h4>\n\n\n\n<p>\u0412\u044b \u0438\u043c\u0435\u0435\u0442\u0435 \u043f\u0440\u0430\u0432\u043e:<\/p>\n\n\n\n<p>6.1. \u043f\u043e\u043b\u0443\u0447\u0430\u0442\u044c \u0438\u043d\u0444\u043e\u0440\u043c\u0430\u0446\u0438\u044e \u043e\u0431 \u043e\u0431\u0440\u0430\u0431\u043e\u0442\u043a\u0435 \u0432\u0430\u0448\u0438\u0445 \u043f\u0435\u0440\u0441\u043e\u043d\u0430\u043b\u044c\u043d\u044b\u0445 \u0434\u0430\u043d\u043d\u044b\u0445.<\/p>\n\n\n\n<p>6.2. \u0437\u0430\u043f\u0440\u0430\u0448\u0438\u0432\u0430\u0442\u044c \u0438\u0441\u043f\u0440\u0430\u0432\u043b\u0435\u043d\u0438\u0435 \u043d\u0435\u0432\u0435\u0440\u043d\u044b\u0445 \u0438\u043b\u0438 \u043d\u0435\u043f\u043e\u043b\u043d\u044b\u0445 \u0434\u0430\u043d\u043d\u044b\u0445.<\/p>\n\n\n\n<p>6.3. \u0417\u0430\u043f\u0440\u043e\u0441\u0438\u0442\u044c \u0443\u0434\u0430\u043b\u0435\u043d\u0438\u0435 \u0432\u0430\u0448\u0438\u0445 \u0434\u0430\u043d\u043d\u044b\u0445 (\"\u043f\u0440\u0430\u0432\u043e \u0431\u044b\u0442\u044c \u0437\u0430\u0431\u044b\u0442\u044b\u043c\").<\/p>\n\n\n\n<p>6.4. \u041e\u0433\u0440\u0430\u043d\u0438\u0447\u0438\u0442\u044c \u043e\u0431\u0440\u0430\u0431\u043e\u0442\u043a\u0443 \u0432\u0430\u0448\u0438\u0445 \u0434\u0430\u043d\u043d\u044b\u0445.<\/p>\n\n\n\n<p>6.5. \u041f\u0440\u043e\u0442\u0435\u0441\u0442 \u043f\u0440\u043e\u0442\u0438\u0432 \u043e\u0431\u0440\u0430\u0431\u043e\u0442\u043a\u0438 \u0434\u0430\u043d\u043d\u044b\u0445.<\/p>\n\n\n\n<p>6.6. \u043f\u043e\u043b\u0443\u0447\u0430\u0442\u044c \u0432\u0430\u0448\u0438 \u0434\u0430\u043d\u043d\u044b\u0435 \u0432 \u0441\u0442\u0430\u043d\u0434\u0430\u0440\u0442\u043d\u043e\u043c \u0444\u043e\u0440\u043c\u0430\u0442\u0435 \u0438 \u043f\u0435\u0440\u0435\u0434\u0430\u0432\u0430\u0442\u044c \u0438\u0445 \u0434\u0440\u0443\u0433\u043e\u043c\u0443 \u043a\u043e\u043d\u0442\u0440\u043e\u043b\u043b\u0435\u0440\u0443 \u0434\u0430\u043d\u043d\u044b\u0445.<\/p>\n\n\n\n<p>6.7 \u0412\u044b \u043c\u043e\u0436\u0435\u0442\u0435 \u0432\u043e\u0441\u043f\u043e\u043b\u044c\u0437\u043e\u0432\u0430\u0442\u044c\u0441\u044f \u0441\u0432\u043e\u0438\u043c\u0438 \u043f\u0440\u0430\u0432\u0430\u043c\u0438, \u0441\u0432\u044f\u0437\u0430\u0432\u0448\u0438\u0441\u044c \u0441 \u043d\u0430\u043c\u0438 \u043f\u043e \u0430\u0434\u0440\u0435\u0441\u0443 gerasdazymas@gmail.com .<\/p>\n\n\n\n<h4 class=\"wp-block-heading\"><strong>7. \u0424\u0430\u0439\u043b\u044b cookie \u0438 \u0442\u0435\u0445\u043d\u043e\u043b\u043e\u0433\u0438\u0438 \u043e\u0442\u0441\u043b\u0435\u0436\u0438\u0432\u0430\u043d\u0438\u044f<\/strong><\/h4>\n\n\n\n<p>\u041c\u044b \u0438\u0441\u043f\u043e\u043b\u044c\u0437\u0443\u0435\u043c \u0444\u0430\u0439\u043b\u044b cookie \u043d\u0430 \u043d\u0430\u0448\u0435\u043c \u0441\u0430\u0439\u0442\u0435 \u0434\u043b\u044f \u043e\u0431\u0435\u0441\u043f\u0435\u0447\u0435\u043d\u0438\u044f \u043d\u0430\u0434\u043b\u0435\u0436\u0430\u0449\u0435\u0433\u043e \u0444\u0443\u043d\u043a\u0446\u0438\u043e\u043d\u0438\u0440\u043e\u0432\u0430\u043d\u0438\u044f \u0441\u0430\u0439\u0442\u0430 \u0438 \u0443\u043b\u0443\u0447\u0448\u0435\u043d\u0438\u044f \u043a\u0430\u0447\u0435\u0441\u0442\u0432\u0430 \u043e\u0431\u0441\u043b\u0443\u0436\u0438\u0432\u0430\u043d\u0438\u044f \u043f\u043e\u043b\u044c\u0437\u043e\u0432\u0430\u0442\u0435\u043b\u0435\u0439. \u0418\u0441\u043f\u043e\u043b\u044c\u0437\u0443\u044f \u0444\u0430\u0439\u043b\u044b cookie, \u043c\u044b \u043c\u043e\u0436\u0435\u043c \u0441\u043e\u0431\u0438\u0440\u0430\u0442\u044c \u0438\u043d\u0444\u043e\u0440\u043c\u0430\u0446\u0438\u044e \u043e \u0432\u0430\u0448\u0438\u0445 \u043f\u043e\u0441\u0435\u0449\u0435\u043d\u0438\u044f\u0445, \u043d\u0430\u043f\u0440\u0438\u043c\u0435\u0440, \u0438\u0441\u0442\u043e\u0440\u0438\u044e \u043f\u0440\u043e\u0441\u043c\u043e\u0442\u0440\u043e\u0432, \u0432\u044b\u0431\u043e\u0440 \u044f\u0437\u044b\u043a\u0430 \u0438\u043b\u0438 \u043f\u0440\u043e\u0441\u043c\u043e\u0442\u0440\u044b \u0441\u0442\u0440\u0430\u043d\u0438\u0446.<\/p>\n\n\n\n<p>\u0412\u044b \u043c\u043e\u0436\u0435\u0442\u0435 \u0432 \u043b\u044e\u0431\u043e\u0439 \u043c\u043e\u043c\u0435\u043d\u0442 \u0438\u0437\u043c\u0435\u043d\u0438\u0442\u044c \u043d\u0430\u0441\u0442\u0440\u043e\u0439\u043a\u0438 \u0441\u0432\u043e\u0435\u0433\u043e \u0431\u0440\u0430\u0443\u0437\u0435\u0440\u0430, \u0447\u0442\u043e\u0431\u044b \u043e\u0442\u043a\u0430\u0437\u0430\u0442\u044c\u0441\u044f \u043e\u0442 \u0438\u0441\u043f\u043e\u043b\u044c\u0437\u043e\u0432\u0430\u043d\u0438\u044f \u0444\u0430\u0439\u043b\u043e\u0432 cookie, \u043d\u043e \u043f\u0440\u0438 \u044d\u0442\u043e\u043c \u043d\u0435\u043a\u043e\u0442\u043e\u0440\u044b\u0435 \u0444\u0443\u043d\u043a\u0446\u0438\u0438 \u0441\u0430\u0439\u0442\u0430 \u043c\u043e\u0433\u0443\u0442 \u0440\u0430\u0431\u043e\u0442\u0430\u0442\u044c \u043d\u0435\u043a\u043e\u0440\u0440\u0435\u043a\u0442\u043d\u043e.<\/p>\n\n\n\n<h4 class=\"wp-block-heading\"><strong>8. \u0411\u0435\u0437\u043e\u043f\u0430\u0441\u043d\u043e\u0441\u0442\u044c \u0434\u0430\u043d\u043d\u044b\u0445<\/strong><\/h4>\n\n\n\n<p>\u041c\u044b \u043f\u0440\u0438\u043d\u0438\u043c\u0430\u0435\u043c \u0441\u043e\u043e\u0442\u0432\u0435\u0442\u0441\u0442\u0432\u0443\u044e\u0449\u0438\u0435 \u0442\u0435\u0445\u043d\u0438\u0447\u0435\u0441\u043a\u0438\u0435 \u0438 \u043e\u0440\u0433\u0430\u043d\u0438\u0437\u0430\u0446\u0438\u043e\u043d\u043d\u044b\u0435 \u043c\u0435\u0440\u044b \u0434\u043b\u044f \u0437\u0430\u0449\u0438\u0442\u044b \u0432\u0430\u0448\u0438\u0445 \u043f\u0435\u0440\u0441\u043e\u043d\u0430\u043b\u044c\u043d\u044b\u0445 \u0434\u0430\u043d\u043d\u044b\u0445 \u043e\u0442 \u043d\u0435\u0441\u0430\u043d\u043a\u0446\u0438\u043e\u043d\u0438\u0440\u043e\u0432\u0430\u043d\u043d\u043e\u0433\u043e \u0434\u043e\u0441\u0442\u0443\u043f\u0430, \u043f\u043e\u0442\u0435\u0440\u0438, \u0440\u0430\u0441\u043a\u0440\u044b\u0442\u0438\u044f \u0438\u043b\u0438 \u0443\u043d\u0438\u0447\u0442\u043e\u0436\u0435\u043d\u0438\u044f.<\/p>\n\n\n\n<h4 class=\"wp-block-heading\"><strong>9. \u0418\u0437\u043c\u0435\u043d\u0435\u043d\u0438\u044f \u0432 \u041f\u043e\u043b\u0438\u0442\u0438\u043a\u0435 \u043a\u043e\u043d\u0444\u0438\u0434\u0435\u043d\u0446\u0438\u0430\u043b\u044c\u043d\u043e\u0441\u0442\u0438<\/strong><\/h4>\n\n\n\n<p>\u041c\u044b \u043e\u0441\u0442\u0430\u0432\u043b\u044f\u0435\u043c \u0437\u0430 \u0441\u043e\u0431\u043e\u0439 \u043f\u0440\u0430\u0432\u043e \u0432\u043d\u043e\u0441\u0438\u0442\u044c \u0438\u0437\u043c\u0435\u043d\u0435\u043d\u0438\u044f \u0432 \u043d\u0430\u0441\u0442\u043e\u044f\u0449\u0443\u044e \u043f\u043e\u043b\u0438\u0442\u0438\u043a\u0443 \u043a\u043e\u043d\u0444\u0438\u0434\u0435\u043d\u0446\u0438\u0430\u043b\u044c\u043d\u043e\u0441\u0442\u0438. \u0418\u0437\u043c\u0435\u043d\u0435\u043d\u0438\u044f \u0431\u0443\u0434\u0443\u0442 \u0440\u0430\u0437\u043c\u0435\u0449\u0430\u0442\u044c\u0441\u044f \u043d\u0430 \u043d\u0430\u0448\u0435\u043c \u0441\u0430\u0439\u0442\u0435, \u0438 \u043c\u044b \u0431\u0443\u0434\u0435\u043c \u0443\u0432\u0435\u0434\u043e\u043c\u043b\u044f\u0442\u044c \u0432\u0430\u0441 \u043e \u0441\u0443\u0449\u0435\u0441\u0442\u0432\u0435\u043d\u043d\u044b\u0445 \u0438\u0437\u043c\u0435\u043d\u0435\u043d\u0438\u044f\u0445 \u043f\u043e \u044d\u043b\u0435\u043a\u0442\u0440\u043e\u043d\u043d\u043e\u0439 \u043f\u043e\u0447\u0442\u0435 \u0438\u043b\u0438 \u0434\u0440\u0443\u0433\u0438\u043c\u0438 \u0441\u043f\u043e\u0441\u043e\u0431\u0430\u043c\u0438, \u043f\u0440\u0435\u0434\u0443\u0441\u043c\u043e\u0442\u0440\u0435\u043d\u043d\u044b\u043c\u0438 \u0437\u0430\u043a\u043e\u043d\u043e\u043c.<\/p>\n\n\n\n<h4 class=\"wp-block-heading\"><strong>10. \u041a\u043e\u043d\u0442\u0430\u043a\u0442<\/strong><\/h4>\n\n\n\n<p>\u0415\u0441\u043b\u0438 \u0443 \u0432\u0430\u0441 \u0435\u0441\u0442\u044c \u0432\u043e\u043f\u0440\u043e\u0441\u044b \u043f\u043e \u043f\u043e\u0432\u043e\u0434\u0443 \u0434\u0430\u043d\u043d\u043e\u0439 \u043f\u043e\u043b\u0438\u0442\u0438\u043a\u0438 \u043a\u043e\u043d\u0444\u0438\u0434\u0435\u043d\u0446\u0438\u0430\u043b\u044c\u043d\u043e\u0441\u0442\u0438 \u0438\u043b\u0438 \u0432\u044b \u0445\u043e\u0442\u0438\u0442\u0435 \u0432\u043e\u0441\u043f\u043e\u043b\u044c\u0437\u043e\u0432\u0430\u0442\u044c\u0441\u044f \u0441\u0432\u043e\u0438\u043c\u0438 \u043f\u0440\u0430\u0432\u0430\u043c\u0438, \u043f\u043e\u0436\u0430\u043b\u0443\u0439\u0441\u0442\u0430, \u0441\u0432\u044f\u0436\u0438\u0442\u0435\u0441\u044c \u0441 \u043d\u0430\u043c\u0438:<\/p>\n\n\n\n<p>\u042d\u043b\u0435\u043a\u0442\u0440\u043e\u043d\u043d\u0430\u044f \u043f\u043e\u0447\u0442\u0430: gerasdazymas@gmail.com<\/p>\n\n\n\n<p>\u0422\u0435\u043b\u0435\u0444\u043e\u043d: <a href=\"\/ru\/\u0422\u0435\u043b: 37064118888\/\">+37064118888<\/a><\/p>\n\n\n\n<p><strong>\u041f\u043e\u0441\u043b\u0435\u0434\u043d\u0435\u0435 \u043e\u0431\u043d\u043e\u0432\u043b\u0435\u043d\u0438\u0435:<\/strong>&nbsp;2024-12-10<\/p>","protected":false},"excerpt":{"rendered":"<p>Alneka, UAB \u0160i privatumo politika nustato, kaip \u201eAlneka, UAB\u201c (toliau \u2013 Mes) renka, naudoja, saugo ir tvarko J\u016bs\u0173 asmens duomenis, [&hellip;]<\/p>","protected":false},"author":1,"featured_media":0,"parent":0,"menu_order":0,"comment_status":"closed","ping_status":"closed","template":"","meta":{"_monsterinsights_skip_tracking":false,"_monsterinsights_sitenote_active":false,"_monsterinsights_sitenote_note":"","_monsterinsights_sitenote_category":0,"site-sidebar-layout":"default","site-content-layout":"","ast-site-content-layout":"default","site-content-style":"default","site-sidebar-style":"default","ast-global-header-display":"","ast-banner-title-visibility":"","ast-main-header-display":"","ast-hfb-above-header-display":"","ast-hfb-below-header-display":"","ast-hfb-mobile-header-display":"","site-post-title":"","ast-breadcrumbs-content":"","ast-featured-img":"","footer-sml-layout":"","theme-transparent-header-meta":"","adv-header-id-meta":"","stick-header-meta":"","header-above-stick-meta":"","header-main-stick-meta":"","header-below-stick-meta":"","astra-migrate-meta-layouts":"set","ast-page-background-enabled":"default","ast-page-background-meta":{"desktop":{"background-color":"","background-image":"","background-repeat":"repeat","background-position":"center center","background-size":"auto","background-attachment":"scroll","background-type":"","background-media":"","overlay-type":"","overlay-color":"","overlay-opacity":"","overlay-gradient":""},"tablet":{"background-color":"","background-image":"","background-repeat":"repeat","background-position":"center center","background-size":"auto","background-attachment":"scroll","background-type":"","background-media":"","overlay-type":"","overlay-color":"","overlay-opacity":"","overlay-gradient":""},"mobile":{"background-color":"","background-image":"","background-repeat":"repeat","background-position":"center center","background-size":"auto","background-attachment":"scroll","background-type":"","background-media":"","overlay-type":"","overlay-color":"","overlay-opacity":"","overlay-gradient":""}},"ast-content-background-meta":{"desktop":{"background-color":"var(--ast-global-color-5)","background-image":"","background-repeat":"repeat","background-position":"center center","background-size":"auto","background-attachment":"scroll","background-type":"","background-media":"","overlay-type":"","overlay-color":"","overlay-opacity":"","overlay-gradient":""},"tablet":{"background-color":"var(--ast-global-color-5)","background-image":"","background-repeat":"repeat","background-position":"center center","background-size":"auto","background-attachment":"scroll","background-type":"","background-media":"","overlay-type":"","overlay-color":"","overlay-opacity":"","overlay-gradient":""},"mobile":{"background-color":"var(--ast-global-color-5)","background-image":"","background-repeat":"repeat","background-position":"center center","background-size":"auto","background-attachment":"scroll","background-type":"","background-media":"","overlay-type":"","overlay-color":"","overlay-opacity":"","overlay-gradient":""}},"footnotes":""},"class_list":["post-3","page","type-page","status-publish","hentry"],"aioseo_notices":[],"_links":{"self":[{"href":"https:\/\/alneka.lt\/ru\/wp-json\/wp\/v2\/pages\/3","targetHints":{"allow":["GET"]}}],"collection":[{"href":"https:\/\/alneka.lt\/ru\/wp-json\/wp\/v2\/pages"}],"about":[{"href":"https:\/\/alneka.lt\/ru\/wp-json\/wp\/v2\/types\/page"}],"author":[{"embeddable":true,"href":"https:\/\/alneka.lt\/ru\/wp-json\/wp\/v2\/users\/1"}],"replies":[{"embeddable":true,"href":"https:\/\/alneka.lt\/ru\/wp-json\/wp\/v2\/comments?post=3"}],"version-history":[{"count":3,"href":"https:\/\/alneka.lt\/ru\/wp-json\/wp\/v2\/pages\/3\/revisions"}],"predecessor-version":[{"id":2800,"href":"https:\/\/alneka.lt\/ru\/wp-json\/wp\/v2\/pages\/3\/revisions\/2800"}],"wp:attachment":[{"href":"https:\/\/alneka.lt\/ru\/wp-json\/wp\/v2\/media?parent=3"}],"curies":[{"name":"wp","href":"https:\/\/api.w.org\/{rel}","templated":true}]}}